{"id":8420,"date":"2020-06-25T11:01:02","date_gmt":"2020-06-25T09:01:02","guid":{"rendered":"https:\/\/www.bourlingueurs.be\/general-terms-and-conditions\/"},"modified":"2020-06-25T11:01:12","modified_gmt":"2020-06-25T09:01:12","slug":"general-terms-and-conditions","status":"publish","type":"page","link":"https:\/\/www.bourlingueurs.be\/en\/general-terms-and-conditions\/","title":{"rendered":"General terms and conditions"},"content":{"rendered":"\t\t<div data-elementor-type=\"wp-page\" data-elementor-id=\"8420\" class=\"elementor elementor-8420 elementor-7290\" data-elementor-post-type=\"page\">\n\t\t\t\t\t\t\t\t\t<section class=\"elementor-section elementor-top-section elementor-element elementor-element-fd9073e elementor-section-boxed elementor-section-height-default elementor-section-height-default\" data-id=\"fd9073e\" data-element_type=\"section\">\n\t\t\t\t\t\t<div class=\"elementor-container elementor-column-gap-default\">\n\t\t\t\t\t<div class=\"elementor-column elementor-col-100 elementor-top-column elementor-element elementor-element-8dcb836\" data-id=\"8dcb836\" data-element_type=\"column\">\n\t\t\t<div class=\"elementor-widget-wrap elementor-element-populated\">\n\t\t\t\t\t\t\t\t<section class=\"elementor-section elementor-inner-section elementor-element elementor-element-813b6be elementor-section-boxed elementor-section-height-default elementor-section-height-default\" data-id=\"813b6be\" data-element_type=\"section\">\n\t\t\t\t\t\t<div class=\"elementor-container elementor-column-gap-default\">\n\t\t\t\t\t<div class=\"elementor-column elementor-col-50 elementor-inner-column elementor-element elementor-element-9524b93\" data-id=\"9524b93\" data-element_type=\"column\">\n\t\t\t<div class=\"elementor-widget-wrap elementor-element-populated\">\n\t\t\t\t\t\t\t\t<div class=\"elementor-element elementor-element-b17225c elementor-widget elementor-widget-heading\" data-id=\"b17225c\" data-element_type=\"widget\" data-widget_type=\"heading.default\">\n\t\t\t\t<div class=\"elementor-widget-container\">\n\t\t\t<h2 class=\"elementor-heading-title elementor-size-default\">I. GENERAL TERMS AND CONDITIONS<\/h2>\t\t<\/div>\n\t\t\t\t<\/div>\n\t\t\t\t\t<\/div>\n\t\t<\/div>\n\t\t\t\t<div class=\"elementor-column elementor-col-50 elementor-inner-column elementor-element elementor-element-c57ec5a\" data-id=\"c57ec5a\" data-element_type=\"column\">\n\t\t\t<div class=\"elementor-widget-wrap elementor-element-populated\">\n\t\t\t\t\t\t\t\t<div class=\"elementor-element elementor-element-8ba950b elementor-widget elementor-widget-heading\" data-id=\"8ba950b\" data-element_type=\"widget\" data-widget_type=\"heading.default\">\n\t\t\t\t<div class=\"elementor-widget-container\">\n\t\t\t<h2 class=\"elementor-heading-title elementor-size-default\">II. STANDARD TERMS AND CONDITIONS APPLYING TO ONLINE SALES VIA RMT<\/h2>\t\t<\/div>\n\t\t\t\t<\/div>\n\t\t\t\t\t<\/div>\n\t\t<\/div>\n\t\t\t\t\t\t\t<\/div>\n\t\t<\/section>\n\t\t\t\t\t<\/div>\n\t\t<\/div>\n\t\t\t\t\t\t\t<\/div>\n\t\t<\/section>\n\t\t\t\t<section class=\"elementor-section elementor-top-section elementor-element elementor-element-4f9612a elementor-section-boxed elementor-section-height-default elementor-section-height-default\" data-id=\"4f9612a\" data-element_type=\"section\">\n\t\t\t\t\t\t<div class=\"elementor-container elementor-column-gap-default\">\n\t\t\t\t\t<div class=\"elementor-column elementor-col-100 elementor-top-column elementor-element elementor-element-3f82c67\" data-id=\"3f82c67\" data-element_type=\"column\">\n\t\t\t<div class=\"elementor-widget-wrap elementor-element-populated\">\n\t\t\t\t\t\t\t\t<section class=\"elementor-section elementor-inner-section elementor-element elementor-element-8515e2d elementor-section-boxed elementor-section-height-default elementor-section-height-default\" data-id=\"8515e2d\" data-element_type=\"section\">\n\t\t\t\t\t\t<div class=\"elementor-container elementor-column-gap-default\">\n\t\t\t\t\t<div class=\"elementor-column elementor-col-50 elementor-inner-column elementor-element elementor-element-0763aea\" data-id=\"0763aea\" data-element_type=\"column\">\n\t\t\t<div class=\"elementor-widget-wrap elementor-element-populated\">\n\t\t\t\t\t\t\t\t<div class=\"elementor-element elementor-element-68bbda0 elementor-widget elementor-widget-text-editor\" data-id=\"68bbda0\" data-element_type=\"widget\" data-widget_type=\"text-editor.default\">\n\t\t\t\t<div class=\"elementor-widget-container\">\n\t\t\t\t\t\t\t<ol>\n<li>PROVISIONS APPLICABLE AND ACCEPTANCE OF GENERAL TERMS AND CONDITIONS<\/li>\n<\/ol>\n<p>All reservations for stays in guest rooms whose owner is a member of the F\u00e9d\u00e9ration des G\u00eetes de Wallonie (G\u00eetes of Wallonia Federation) and these reservations alone are governed by these general terms and conditions.<\/p>\n<p>Unless otherwise stipulated, the client is deemed to have read these terms and conditions and to have accepted all the clauses thereof at the latest when the down payment on the reservation is made or upon taking possession of the room.<\/p>\n<p>The owner certifies that the leased property complies with Book III of the Walloon Tourism Code on fire standards for tourist accommodation in the region.<\/p>\n<p>&nbsp;<\/p>\n<ol start=\"2\">\n<li>ESTABLISHMENT OF THE CONTRACT AND PAYMENT OF THE PRICE<\/li>\n<\/ol>\n<p>The reservation takes effect and constitutes a rental agreement once the client has sent the owner a down payment of 50 % of the amount of the price of the stay on the <u>bank account BE***<\/u>.<\/p>\n<p>Taking possession of the room also constitutes a rental agreement. The prices are understood inclusive of all charges, excluding<\/p>\n<p>tourist tax and any supplements.<\/p>\n<p>&nbsp;<\/p>\n<p>The balance due for the stay is to be settled upon arrival at the owner\u2019s. Payment for consumption and additional services not provided for in advance will be made to the owner at the end of the stay. Unless otherwise indicated, all payments effected on site are made in cash only.<\/p>\n<p>&nbsp;<\/p>\n<ol start=\"3\">\n<li>CANCELLING THE CONTRACT<\/li>\n<\/ol>\n<p>The owner must be notified by letter, fax, e-mail or telegram of any cancellation by the client.<\/p>\n<ul>\n<li>If the cancellation is made more than 30 days before the start of the stay, the down payment will be refunded in full. In other cases, the owner retains the down payment.<\/li>\n<li>If the cancellation is made less than 48 hours before the start of the stay, the owner retains the down payment and reserves the right to claim the balance of the price of the accommodation.<\/li>\n<li>If the stay is cut short, the owner retains the price corresponding to the cost of the accommodation and the additional services requested but not used.<\/li>\n<\/ul>\n<p>If the stay is cancelled by the owner before the start date of the stay, he must inform the client of this by all possible means and send confirmation by recorded delivery with acknowledgement of receipt. The sums paid will be refunded to the client immediately, without prejudice to claims for compensation for any loss suffered. Except in cases of force majeure, the client will also receive compensation equal to half the price of the stay if the cancellation is made less than 48 hours before the start of the stay, or will be offered accommodation of the same quality or superior quality at the<\/p>\n<p>price of his reservation.<\/p>\n<p>&nbsp;<\/p>\n<ol start=\"4\">\n<li>ARRIVAL, DEPARTURE AND LENGTH OF STAY<\/li>\n<\/ol>\n<p>The client must arrive on the day stated, at the time indicated. As a legal obligation, the client will be requested, immediately upon arrival, to provide the information necessary for the clearance of tourist traffic (name and address, identity number, etc.).<\/p>\n<p>In the event of a late or deferred arrival, the client must inform the owner. If the client has not appeared within an hour following the day and time indicated for the start of the stay, the reservation becomes invalid and the owner may have his guest rooms at his disposal.<\/p>\n<p>The owner retains the down payment and reserves the right to claim the balance of the price of the accommodation.<\/p>\n<p>&nbsp;<\/p>\n<p>Unless otherwise agreed with the owner, client will leave before 11.00 am.<\/p>\n<p>&nbsp;<\/p>\n<p>In the event of a booking for a specified period in excess of 15 days, or for an indefinite period, the parties will draw up an inventory of fixtures and fittings in the presence of both. Clients who make a reservation with an owner for a specific period may not under any circumstances assert any right whatsoever to remain in the premises beyond the scheduled period. Transfer and subletting are forbidden.<\/p>\n<p>&nbsp;<\/p>\n<ol start=\"5\">\n<li>USE AND OCCUPATION OF THE PREMISES<\/li>\n<\/ol>\n<p>The client must respect the quiet nature of the premises and use them as intended. He will bear in mind the peace and quiet of the other occupants and of the owner. Parents will ensure that their children abide by the rules of life in the premises.<\/p>\n<p>&nbsp;<\/p>\n<p>The stay is reserved for a specific number of people, including babies and infants. If the number of clients exceeds this number, the owner is entitled to refuse the additional clients or to oblige the client to reserve another room (if available) to accommodate these clients, at the price indicated.<\/p>\n<p>This refusal may not under any circumstances be considered a modification or a breach of contract at the initiative of the owner, so that should the client leave, no reimbursement may be considered.<\/p>\n<p>&nbsp;<\/p>\n<p>Pets are only accepted with the special consent of the owner. If this rule is not observed, the owner is entitled to refuse to allow the client to enter the room. This refusal may not under any circumstances be considered a modification or a breach of contract at the initiative of the owner, so that should the client leave, no reimbursement may be considered.<\/p>\n<p>&nbsp;<\/p>\n<p>Clients are asked not to smoke or eat in their room to avoid accidents which may harm the quality and atmosphere of the accommodation.<\/p>\n<p>&nbsp;<\/p>\n<p>Clients undertake to return the room and furniture made available to them in good condition.<\/p>\n<p>&nbsp;<\/p>\n<ol start=\"6\">\n<li>DISPUTES<\/li>\n<\/ol>\n<p>Any complaint relating to the inventory must be<\/p>\n<ul>\n<li>reported immediately to the owner,<\/li>\n<li>submitted to the F\u00e9d\u00e9ration des G\u00eetes de Wallonie by e-mail, fax or post within three days of the start of the stay.<\/li>\n<\/ul>\n<p>Any other complaint relating to the stay may be sent to the Federation, which is competent to put forward a proposal aimed at reaching an out-of-court settlement. Should this prove impossible, the court of the legal district of the place in which the building containing the rooms is located have sole jurisdiction.<\/p>\n\t\t\t\t\t\t<\/div>\n\t\t\t\t<\/div>\n\t\t\t\t\t<\/div>\n\t\t<\/div>\n\t\t\t\t<div class=\"elementor-column elementor-col-50 elementor-inner-column elementor-element elementor-element-6a77dfd\" data-id=\"6a77dfd\" data-element_type=\"column\">\n\t\t\t<div class=\"elementor-widget-wrap elementor-element-populated\">\n\t\t\t\t\t\t\t\t<div class=\"elementor-element elementor-element-1a53847 elementor-widget elementor-widget-text-editor\" data-id=\"1a53847\" data-element_type=\"widget\" data-widget_type=\"text-editor.default\">\n\t\t\t\t<div class=\"elementor-widget-container\">\n\t\t\t\t\t\t\t<ol>\n<li>SUBJECT<\/li>\n<\/ol>\n<p>These standard terms and conditions apply to all online reservations made with our establishment using the Regional Marketing Tool (RMT). Customers acknowledge that they are aware of and agree to these standard terms and conditions. Reservations are only possible if customers indicate their agreement with them. Customers may save and print off these standard terms and conditions.<\/p>\n<p>&nbsp;<\/p>\n<ol start=\"2\">\n<li>OFFERS<\/li>\n<\/ol>\n<p>All our advertisements, web pages and offers are drawn up in good faith on the basis of available information. Maps, photos and illustrations are shown for information purposes and are not contractually binding. They may be subject to alteration before a reservation is finalised. Customers authorise us to correct any obvious material errors in the information provided to them by us.<\/p>\n<p>&nbsp;<\/p>\n<ol start=\"3\">\n<li>PRICING<\/li>\n<\/ol>\n<p>The prices shown at the time of a reservation form the total price of the service that is sold, including taxes, charges and other sundry costs. Where there are supplements, they are clearly indicated before the service is reserved.<\/p>\n<p>&nbsp;<\/p>\n<p>Customers authorise us to correct any obvious pricing errors.<\/p>\n<p>&nbsp;<\/p>\n<ol start=\"4\">\n<li>RESERVATIONS<\/li>\n<\/ol>\n<p>Customers choose the services presented in the regional marketing tool. They acknowledge being aware of the nature, purpose and reservation procedures for the services available in the regional marketing tool and having requested and obtained the requisite and\/or additional information to make their reservations in full knowledge of the facts. Customers bear sole responsibility for their choice of services and for the fitness thereof for their purposes, such that we bear no liability in that regard. Reservations are deemed accepted by customers upon completion of the reservation process.<\/p>\n<p>&nbsp;<\/p>\n<ol start=\"5\">\n<li>RESERVATION PROCESS<\/li>\n<\/ol>\n<p>Reservations made by customers are made using the virtual reservation form that is accessible online in the reservation tool. Reservations are deemed made upon receipt of the reservation form. Customers undertake to fill in all the information needed for a reservation prior to making the reservation. Customers attest to the veracity and accuracy of the information they provide. Once the final choice of services to be reserved has been made, the reservation procedure comprises the following steps up to validation: input of bank card details where a deposit or down payment is required, reading and acceptance of the standard terms and conditions of sale relating to the service(s) rendered and, finally, validation of the reservation by the customer.<\/p>\n<p>&nbsp;<\/p>\n<ol start=\"6\">\n<li>ACKNOWLEDGEMENT OF RECEIPT OF THE RESERVATION<\/li>\n<\/ol>\n<p>The reservation tool acknowledges receipt of the customer\u2019s reservation and confirms it by immediately sending an e-mail. The e-mail confirmation of the reservation summarises the contractual offer, the reserved services, the prices, the terms and conditions of sale relating to the selected tariff and accepted by the customer, the date of the reservation made and the address of the establishment where the customer can make any complaints.<\/p>\n<p>&nbsp;<\/p>\n<ol start=\"7\">\n<li>RIGHT OF CANCELLATION<\/li>\n<\/ol>\n<p>It is pointed out that, under section VI.53 of Belgium\u2019s Economic Law Code, if the contract provides for a specific date or period of performance, the customer has no right to cancel in the case of a reservation:<\/p>\n<ul>\n<li>of accommodation other than for residential purposes (such as holiday accommodation),<\/li>\n<li>of transport,<\/li>\n<li>of care hire,<\/li>\n<li>of meals services and services linked to leisure activities.<\/li>\n<\/ul>\n<p>&nbsp;<\/p>\n<ol start=\"8\">\n<li>DATA PROTECTION<\/li>\n<\/ol>\n<p>We collect your data in accordance with the General Data Protection Regulation (2016\/679) (\u201cGDPR\u201d).<\/p>\n<p>&nbsp;<\/p>\n<p>The personal data that you provide is necessary for processing your reservation and is essential for management and provision of the services (section 6(1)(b) of the aforementioned regulation). To these ends, your data may thus be passed on to our partners, particularly those for which Elloha.com manages the reservation tool, online payment service providers, service providers established in third countries. In particular, when making online payments, the customer\u2019s banking details will need to be sent by the payment service provider to the establishment\u2019s bank for the purpose of performing the reservation contract. We only make use of partners guaranteeing a level of protection complying with the principles laid down in the GDPR.<\/p>\n<p>&nbsp;<\/p>\n<p>With your consent, your data may also be used by us to send you our promotional or commercial offers by e-mail or post.<\/p>\n<p>&nbsp;<\/p>\n<p>We retain your data for three years after the last contact (e-mail, reservation, etc.).<\/p>\n<p>&nbsp;<\/p>\n<p>As a person whose data is collected, you have a right to access, rectify, erase your data as well as a right to oppose the collection of your data. These rights can be exercised by sending us an e-mail stating your full name and address and the matter on which you are writing.<\/p>\n<p>Your complaints regarding the collection and processing of your personal data may be sent to the relevant regulatory authority.<\/p>\n\t\t\t\t\t\t<\/div>\n\t\t\t\t<\/div>\n\t\t\t\t\t<\/div>\n\t\t<\/div>\n\t\t\t\t\t\t\t<\/div>\n\t\t<\/section>\n\t\t\t\t\t<\/div>\n\t\t<\/div>\n\t\t\t\t\t\t\t<\/div>\n\t\t<\/section>\n\t\t\t\t<section class=\"elementor-section elementor-top-section elementor-element elementor-element-385e6fe elementor-section-boxed elementor-section-height-default elementor-section-height-default\" data-id=\"385e6fe\" data-element_type=\"section\">\n\t\t\t\t\t\t<div class=\"elementor-container elementor-column-gap-default\">\n\t\t\t\t\t<div class=\"elementor-column elementor-col-100 elementor-top-column elementor-element elementor-element-6cc6aa8\" data-id=\"6cc6aa8\" data-element_type=\"column\">\n\t\t\t<div class=\"elementor-widget-wrap elementor-element-populated\">\n\t\t\t\t\t\t\t\t<div class=\"elementor-element elementor-element-33d0f2c elementor-widget elementor-widget-heading\" data-id=\"33d0f2c\" data-element_type=\"widget\" data-widget_type=\"heading.default\">\n\t\t\t\t<div class=\"elementor-widget-container\">\n\t\t\t<h2 class=\"elementor-heading-title elementor-size-default\">III. Rules and regulations of \u00ab Un air de bourlingueurs \u00bb<\/h2>\t\t<\/div>\n\t\t\t\t<\/div>\n\t\t\t\t\t<\/div>\n\t\t<\/div>\n\t\t\t\t\t\t\t<\/div>\n\t\t<\/section>\n\t\t\t\t<section class=\"elementor-section elementor-top-section elementor-element elementor-element-2129bdb elementor-section-boxed elementor-section-height-default elementor-section-height-default\" data-id=\"2129bdb\" data-element_type=\"section\">\n\t\t\t\t\t\t<div class=\"elementor-container elementor-column-gap-default\">\n\t\t\t\t\t<div class=\"elementor-column elementor-col-100 elementor-top-column elementor-element elementor-element-3926bbf\" data-id=\"3926bbf\" data-element_type=\"column\">\n\t\t\t<div class=\"elementor-widget-wrap elementor-element-populated\">\n\t\t\t\t\t\t\t\t<div class=\"elementor-element elementor-element-1458885 elementor-widget elementor-widget-text-editor\" data-id=\"1458885\" data-element_type=\"widget\" data-widget_type=\"text-editor.default\">\n\t\t\t\t<div class=\"elementor-widget-container\">\n\t\t\t\t\t\t\t<ol>\n<li>All bookings must be confirmed by e-mail and are effected from the payment of the deposit on the account BE44103054657245<\/li>\n<li>Guests are welcomed between 17.30 and 19.30. After 19.30 guests are asked to send a text message to inform about their arrival time.<\/li>\n<li>On the day of departure, the check-out is at 11.00 AM latest.<\/li>\n<li>Inviting friends or family members in the rooms is not allowed during your stay.<\/li>\n<li>Quietness is required in the property from 23.00<\/li>\n<li>Breakfast is taken from the common room from 8.00 to 9.30.<\/li>\n<li>Un air de bourlingueurs doesn\u2019t catter for dinner or supper. Guests can bring their own food or take away food.<\/li>\n<li>Eating inside the bedrooms is prohibited. The common room will welcome you to share meals and convivial times.<\/li>\n<li>In the main hall, there is a designated compartment for each room. Guests can use it to keep their jackets, walking shoes, boots, \u2026<\/li>\n<li>Smoking is prohibited inside the building.<\/li>\n<li>Pets are not allowed.<\/li>\n<\/ol>\n\t\t\t\t\t\t<\/div>\n\t\t\t\t<\/div>\n\t\t\t\t\t<\/div>\n\t\t<\/div>\n\t\t\t\t\t\t\t<\/div>\n\t\t<\/section>\n\t\t\t\t\t\t\t<\/div>\n\t\t","protected":false},"excerpt":{"rendered":"<p>I. GENERAL TERMS AND CONDITIONS II. STANDARD TERMS AND CONDITIONS APPLYING TO ONLINE SALES VIA RMT PROVISIONS APPLICABLE AND ACCEPTANCE OF GENERAL TERMS AND CONDITIONS All reservations for stays in guest rooms whose owner is a member of the F\u00e9d\u00e9ration [&hellip;]<\/p>\n","protected":false},"author":1,"featured_media":0,"parent":0,"menu_order":0,"comment_status":"closed","ping_status":"closed","template":"","meta":{"footnotes":""},"_links":{"self":[{"href":"https:\/\/www.bourlingueurs.be\/en\/wp-json\/wp\/v2\/pages\/8420"}],"collection":[{"href":"https:\/\/www.bourlingueurs.be\/en\/wp-json\/wp\/v2\/pages"}],"about":[{"href":"https:\/\/www.bourlingueurs.be\/en\/wp-json\/wp\/v2\/types\/page"}],"author":[{"embeddable":true,"href":"https:\/\/www.bourlingueurs.be\/en\/wp-json\/wp\/v2\/users\/1"}],"replies":[{"embeddable":true,"href":"https:\/\/www.bourlingueurs.be\/en\/wp-json\/wp\/v2\/comments?post=8420"}],"version-history":[{"count":3,"href":"https:\/\/www.bourlingueurs.be\/en\/wp-json\/wp\/v2\/pages\/8420\/revisions"}],"predecessor-version":[{"id":8423,"href":"https:\/\/www.bourlingueurs.be\/en\/wp-json\/wp\/v2\/pages\/8420\/revisions\/8423"}],"wp:attachment":[{"href":"https:\/\/www.bourlingueurs.be\/en\/wp-json\/wp\/v2\/media?parent=8420"}],"curies":[{"name":"wp","href":"https:\/\/api.w.org\/{rel}","templated":true}]}}