{"id":8493,"date":"2020-06-25T14:25:48","date_gmt":"2020-06-25T12:25:48","guid":{"rendered":"https:\/\/www.bourlingueurs.be\/useful-links\/"},"modified":"2020-06-30T14:20:54","modified_gmt":"2020-06-30T12:20:54","slug":"useful-links","status":"publish","type":"page","link":"https:\/\/www.bourlingueurs.be\/en\/useful-links\/","title":{"rendered":"Useful links"},"content":{"rendered":"\t\t<div data-elementor-type=\"wp-page\" data-elementor-id=\"8493\" class=\"elementor elementor-8493 elementor-7484\" data-elementor-post-type=\"page\">\n\t\t\t\t\t\t\t\t\t<section class=\"elementor-section elementor-top-section elementor-element elementor-element-443d117c elementor-section-content-middle elementor-section-stretched elementor-section-boxed elementor-section-height-default elementor-section-height-default\" data-id=\"443d117c\" data-element_type=\"section\" data-settings=\"{&quot;background_background&quot;:&quot;classic&quot;,&quot;stretch_section&quot;:&quot;section-stretched&quot;}\">\n\t\t\t\t\t\t<div class=\"elementor-container elementor-column-gap-no\">\n\t\t\t\t\t<div class=\"elementor-column elementor-col-100 elementor-top-column elementor-element elementor-element-4687bbd4\" data-id=\"4687bbd4\" data-element_type=\"column\">\n\t\t\t<div class=\"elementor-widget-wrap elementor-element-populated\">\n\t\t\t\t\t\t\t\t<div class=\"elementor-element elementor-element-055e43d elementor-widget elementor-widget-text-editor\" data-id=\"055e43d\" data-element_type=\"widget\" data-widget_type=\"text-editor.default\">\n\t\t\t\t<div class=\"elementor-widget-container\">\n\t\t\t\t\t\t\t<h2>Eating and drinking:<\/h2>\n<div>Wallonie Belgique Tourisme : <a href=\"https:\/\/walloniebelgiquetourisme.be\/fr-be\/3\/jaime\/wallonie-gourmande\" target=\"_blank\" rel=\"noopener\">walloniebelgiquetourisme.be<\/a><\/div>\n<div>\n<div>Pays de Herve : <a href=\"https:\/\/www.paysdeherve.be\/nos-restaurants\" target=\"_blank\" rel=\"noopener\">www.paysdeherve.be\/nos-restaurants<\/a><\/div>\n<div><\/div>\n<\/div>\n<h2>Festivities :<\/h2>\n<h5>(street theater, music festival, show)<\/h5>\n<div>Soiron sur sc\u00e8ne : <a href=\"http:\/\/www.soironsurscene.com\/\" target=\"_blank\" rel=\"noopener\">www.soironsurscene.com<\/a><\/div>\n<div>Francofolies de spa : <a href=\"http:\/\/www.francofolies.be\/\" target=\"_blank\" rel=\"noopener\">www.francofolies.be<\/a><\/div>\n<div>Olne autrefois : <a href=\"http:\/\/www.olneautrefois.be\/\" target=\"_blank\" rel=\"noopener\">www.olneautrefois.be<\/a><\/div>\n<div>Franchefoire (foire-m\u00e9dievale) : <a href=\"http:\/\/www.theux.be\/\" target=\"_blank\" rel=\"noopener\">www.theux.be<\/a><\/div>\n<div>Th\u00e9\u00e2tre de rue \u00e0 Herve : <a href=\"http:\/\/ruedubocage.be\/\" target=\"_blank\" rel=\"noopener\">ruedubocage.be<\/a><\/div>\n<div><\/div>\n<div>\n<h2>Culture &amp; Folklore:<\/h2>\n<\/div>\n<div>Les f\u00eates du 15 ao\u00fbt \u00e0 Li\u00e8ge : <a href=\"https:\/\/www.visitezliege.be\/fr\/grand-evenement\/les-fetes-du-15-aout\" target=\"_blank\" rel=\"noopener\">https:\/\/www.visitezliege.be<\/a><\/div>\n<div>Animation culturelle (cin\u00e9, th\u00e9\u00e2tre,&#8230;) \u00e0 Herve : <a href=\"https:\/\/www.chac.be\/\" target=\"_blank\" rel=\"noopener\">www.chac.be<\/a><\/div>\n<div>Culture Verviers : <a href=\"http:\/\/www.ccverviers.be\/\" target=\"_blank\" rel=\"noopener\">www.ccverviers.be<\/a><\/div>\n<div>Maison du tourisme de Herve : <a href=\"https:\/\/www.paysdeherve.be\/\">www.paysdeherve.be<\/a><\/div>\n<div>Lieu de p\u00e8lerinage Banneux : <a href=\"http:\/\/www.banneux-nd.be\/\">www.banneux-nd.be<\/a><\/div>\n<div>Abbaye de Val Dieu : <a href=\"https:\/\/www.abbaye-du-val-dieu.be\/fr\/\" target=\"_blank\" rel=\"noopener\">www.abbaye-du-val-dieu.be<\/a><\/div>\n<div>\n<h2><\/h2>\n<h2>Nature &amp; Sport :<\/h2>\n<\/div>\n<div>Sentiers GR : <a href=\"http:\/\/grsentiers.org\/\" target=\"_blank\" rel=\"noopener\">http:\/\/grsentiers.org\/<\/a><\/div>\n<div>Signal de Botrange : <a href=\"http:\/\/www.botrange.be\/\" target=\"_blank\" rel=\"noopener\">http:\/\/www.botrange.be\/<\/a><\/div>\n<div>Circuit de Spa-Francorchamps : <a href=\"http:\/\/www.spa-francorchamps.be\/\">www.spa-francorchamps.be<\/a><\/div>\n<div>Thermes de Spa : <a href=\"https:\/\/www.thermesdespa.com\/accueil\/\" target=\"_blank\" rel=\"noopener\">www.thermesdespa.com<\/a><\/div>\n<div>Thermes de Chaudfontaine :\u00a0<a href=\"https:\/\/www.chateaudesthermes.be\/?utm_source=Google&amp;utm_campaign=Branding&amp;gclid=CjwKCAjw26H3BRB2EiwAy32zhfOxJexDD-SDckCWBc37yCiNxDSW2l9F-qiaZXuCc4BCx9hmjru94xoCK0EQAvD_BwE\" target=\"_blank\" rel=\"noopener\">www.chateaudesthermes.be<\/a><\/div>\n<div>Le Ravel :\u00a0<a href=\"https:\/\/ravel.wallonie.be\/home\/itineraires\/local\/ligne-38.html\" target=\"_blank\" rel=\"noopener\">ravel.wallonie.be<\/a><\/div>\n<div>Route You : <a href=\"https:\/\/www.routeyou.com\/fr-be\" target=\"_blank\" rel=\"noopener\">routeyou.com<\/a><\/div>\n<div>Klimroutes (Route des Sources) : <a href=\"http:\/\/klimroutes.nl\/routes\/route-des-sources\/\" target=\"_blank\" rel=\"noopener\">klimroutes.nl<\/a><\/div>\n<div><\/div>\n\t\t\t\t\t\t<\/div>\n\t\t\t\t<\/div>\n\t\t\t\t\t<\/div>\n\t\t<\/div>\n\t\t\t\t\t\t\t<\/div>\n\t\t<\/section>\n\t\t\t\t\t\t\t<\/div>\n\t\t","protected":false},"excerpt":{"rendered":"<p>Eating and drinking: Wallonie Belgique Tourisme : walloniebelgiquetourisme.be Pays de Herve : www.paysdeherve.be\/nos-restaurants Festivities : (street theater, music festival, show) Soiron sur sc\u00e8ne : www.soironsurscene.com Francofolies de spa : www.francofolies.be Olne autrefois : www.olneautrefois.be Franchefoire (foire-m\u00e9dievale) : www.theux.be Th\u00e9\u00e2tre de [&hellip;]<\/p>\n","protected":false},"author":1,"featured_media":0,"parent":0,"menu_order":0,"comment_status":"closed","ping_status":"closed","template":"","meta":{"footnotes":""},"_links":{"self":[{"href":"https:\/\/www.bourlingueurs.be\/en\/wp-json\/wp\/v2\/pages\/8493"}],"collection":[{"href":"https:\/\/www.bourlingueurs.be\/en\/wp-json\/wp\/v2\/pages"}],"about":[{"href":"https:\/\/www.bourlingueurs.be\/en\/wp-json\/wp\/v2\/types\/page"}],"author":[{"embeddable":true,"href":"https:\/\/www.bourlingueurs.be\/en\/wp-json\/wp\/v2\/users\/1"}],"replies":[{"embeddable":true,"href":"https:\/\/www.bourlingueurs.be\/en\/wp-json\/wp\/v2\/comments?post=8493"}],"version-history":[{"count":1,"href":"https:\/\/www.bourlingueurs.be\/en\/wp-json\/wp\/v2\/pages\/8493\/revisions"}],"predecessor-version":[{"id":8494,"href":"https:\/\/www.bourlingueurs.be\/en\/wp-json\/wp\/v2\/pages\/8493\/revisions\/8494"}],"wp:attachment":[{"href":"https:\/\/www.bourlingueurs.be\/en\/wp-json\/wp\/v2\/media?parent=8493"}],"curies":[{"name":"wp","href":"https:\/\/api.w.org\/{rel}","templated":true}]}}